{"id":100,"date":"2022-01-13T03:33:39","date_gmt":"2022-01-13T03:33:39","guid":{"rendered":"https:\/\/talonzorch.de\/?page_id=100"},"modified":"2022-01-13T03:33:39","modified_gmt":"2022-01-13T03:33:39","slug":"star-wars-saga-edition","status":"publish","type":"page","link":"https:\/\/talonzorch.de\/?page_id=100","title":{"rendered":"Star Wars: Saga Edition"},"content":{"rendered":"\n<p>Meines Erachtens nach eines der besten Star Wars Rollenspiele. In gemeinsamer Arbeit mit meiner Rollenspielrunde hatten wir das System ins deutsche \u00fcbersetzt. Hier kommen einige Informationen zu unserer damaligen Kampagne sowie einige erstellte Hausregeln f\u00fcr das System. <\/p>\n\n\n\n<p>Aus Lizenzrechtlichen Gr\u00fcnden kann ich die \u00dcbersetzung leider nicht \u00f6ffentlich verf\u00fcgbar machen. <\/p>\n","protected":false},"excerpt":{"rendered":"<p>Meines Erachtens nach eines der besten Star Wars Rollenspiele. In gemeinsamer Arbeit mit meiner Rollenspielrunde hatten wir das System ins deutsche \u00fcbersetzt. Hier kommen einige Informationen zu unserer damaligen Kampagne sowie einige erstellte Hausregeln f\u00fcr das System. Aus Lizenzrechtlichen Gr\u00fcnden kann ich die \u00dcbersetzung leider nicht \u00f6ffentlich verf\u00fcgbar machen.<\/p>\n","protected":false},"author":1,"featured_media":0,"parent":20,"menu_order":0,"comment_status":"closed","ping_status":"closed","template":"","meta":{"footnotes":""},"class_list":["post-100","page","type-page","status-publish","hentry","post-preview"],"_links":{"self":[{"href":"https:\/\/talonzorch.de\/index.php?rest_route=\/wp\/v2\/pages\/100","targetHints":{"allow":["GET"]}}],"collection":[{"href":"https:\/\/talonzorch.de\/index.php?rest_route=\/wp\/v2\/pages"}],"about":[{"href":"https:\/\/talonzorch.de\/index.php?rest_route=\/wp\/v2\/types\/page"}],"author":[{"embeddable":true,"href":"https:\/\/talonzorch.de\/index.php?rest_route=\/wp\/v2\/users\/1"}],"replies":[{"embeddable":true,"href":"https:\/\/talonzorch.de\/index.php?rest_route=%2Fwp%2Fv2%2Fcomments&post=100"}],"version-history":[{"count":1,"href":"https:\/\/talonzorch.de\/index.php?rest_route=\/wp\/v2\/pages\/100\/revisions"}],"predecessor-version":[{"id":101,"href":"https:\/\/talonzorch.de\/index.php?rest_route=\/wp\/v2\/pages\/100\/revisions\/101"}],"up":[{"embeddable":true,"href":"https:\/\/talonzorch.de\/index.php?rest_route=\/wp\/v2\/pages\/20"}],"wp:attachment":[{"href":"https:\/\/talonzorch.de\/index.php?rest_route=%2Fwp%2Fv2%2Fmedia&parent=100"}],"curies":[{"name":"wp","href":"https:\/\/api.w.org\/{rel}","templated":true}]}}