{"id":32,"date":"2022-01-13T03:10:24","date_gmt":"2022-01-13T03:10:24","guid":{"rendered":"https:\/\/talonzorch.de\/?page_id=32"},"modified":"2022-01-13T03:10:24","modified_gmt":"2022-01-13T03:10:24","slug":"frostgrave","status":"publish","type":"page","link":"https:\/\/talonzorch.de\/?page_id=32","title":{"rendered":"Frostgrave"},"content":{"rendered":"\n<p>Frostgrave ist ein Skirmish Spiel in der langsam auftauenden Stadt Felstadt. Sie lag Jahrhunderte unter Eis begraben nachdem einige &#8222;enthusiastische&#8220; Magier einen etwas zu bombastischen Zauber verpatzt hatten. Nun taut sie auf, und Magier samt Lehrlingen und Gef\u00e4hrten machen sich auf die Sch\u00e4tze dieser alten Stadt zu bergen &#8211; und sehen sich unvermittelt verschiedenen Gefahren gegen\u00fcber.<\/p>\n\n\n\n<p>Auf dieser Seite werden mittelfristig Informationen zu Frostgrave sowie Bilder meiner Miniaturen und passender Gel\u00e4ndest\u00fccke erscheinen.<\/p>\n","protected":false},"excerpt":{"rendered":"<p>Frostgrave ist ein Skirmish Spiel in der langsam auftauenden Stadt Felstadt. Sie lag Jahrhunderte unter Eis begraben nachdem einige &#8222;enthusiastische&#8220; Magier einen etwas zu bombastischen Zauber verpatzt hatten. Nun taut sie auf, und Magier samt Lehrlingen und Gef\u00e4hrten machen sich auf die Sch\u00e4tze dieser alten Stadt zu bergen &#8211; und sehen sich unvermittelt verschiedenen Gefahren [&hellip;]<\/p>\n","protected":false},"author":1,"featured_media":0,"parent":18,"menu_order":0,"comment_status":"closed","ping_status":"closed","template":"","meta":{"footnotes":""},"class_list":["post-32","page","type-page","status-publish","hentry","post-preview"],"_links":{"self":[{"href":"https:\/\/talonzorch.de\/index.php?rest_route=\/wp\/v2\/pages\/32","targetHints":{"allow":["GET"]}}],"collection":[{"href":"https:\/\/talonzorch.de\/index.php?rest_route=\/wp\/v2\/pages"}],"about":[{"href":"https:\/\/talonzorch.de\/index.php?rest_route=\/wp\/v2\/types\/page"}],"author":[{"embeddable":true,"href":"https:\/\/talonzorch.de\/index.php?rest_route=\/wp\/v2\/users\/1"}],"replies":[{"embeddable":true,"href":"https:\/\/talonzorch.de\/index.php?rest_route=%2Fwp%2Fv2%2Fcomments&post=32"}],"version-history":[{"count":1,"href":"https:\/\/talonzorch.de\/index.php?rest_route=\/wp\/v2\/pages\/32\/revisions"}],"predecessor-version":[{"id":33,"href":"https:\/\/talonzorch.de\/index.php?rest_route=\/wp\/v2\/pages\/32\/revisions\/33"}],"up":[{"embeddable":true,"href":"https:\/\/talonzorch.de\/index.php?rest_route=\/wp\/v2\/pages\/18"}],"wp:attachment":[{"href":"https:\/\/talonzorch.de\/index.php?rest_route=%2Fwp%2Fv2%2Fmedia&parent=32"}],"curies":[{"name":"wp","href":"https:\/\/api.w.org\/{rel}","templated":true}]}}