{"id":38,"date":"2022-01-13T03:12:35","date_gmt":"2022-01-13T03:12:35","guid":{"rendered":"https:\/\/talonzorch.de\/?page_id=38"},"modified":"2022-01-13T03:12:45","modified_gmt":"2022-01-13T03:12:45","slug":"star-wars-armada","status":"publish","type":"page","link":"https:\/\/talonzorch.de\/?page_id=38","title":{"rendered":"Star Wars: Armada"},"content":{"rendered":"\n<p>An dieser Stelle werde ich etwas \u00fcber Star Wars: Armada schreiben. Themen dabei werden sein:<\/p>\n\n\n\n<ul class=\"wp-block-list\"><li>Druck von eigenen Spielmatten<\/li><li>\u00dcberblick \u00fcber meine offiziellen Schiffe<\/li><li>3-d Druck von Schiffen und Zubeh\u00f6r<\/li><li>Regeltipps \/ Hinweise<\/li><\/ul>\n","protected":false},"excerpt":{"rendered":"<p>An dieser Stelle werde ich etwas \u00fcber Star Wars: Armada schreiben. Themen dabei werden sein: Druck von eigenen Spielmatten \u00dcberblick \u00fcber meine offiziellen Schiffe 3-d Druck von Schiffen und Zubeh\u00f6r Regeltipps \/ Hinweise<\/p>\n","protected":false},"author":1,"featured_media":0,"parent":18,"menu_order":0,"comment_status":"closed","ping_status":"closed","template":"","meta":{"footnotes":""},"class_list":["post-38","page","type-page","status-publish","hentry","post-preview"],"_links":{"self":[{"href":"https:\/\/talonzorch.de\/index.php?rest_route=\/wp\/v2\/pages\/38","targetHints":{"allow":["GET"]}}],"collection":[{"href":"https:\/\/talonzorch.de\/index.php?rest_route=\/wp\/v2\/pages"}],"about":[{"href":"https:\/\/talonzorch.de\/index.php?rest_route=\/wp\/v2\/types\/page"}],"author":[{"embeddable":true,"href":"https:\/\/talonzorch.de\/index.php?rest_route=\/wp\/v2\/users\/1"}],"replies":[{"embeddable":true,"href":"https:\/\/talonzorch.de\/index.php?rest_route=%2Fwp%2Fv2%2Fcomments&post=38"}],"version-history":[{"count":1,"href":"https:\/\/talonzorch.de\/index.php?rest_route=\/wp\/v2\/pages\/38\/revisions"}],"predecessor-version":[{"id":39,"href":"https:\/\/talonzorch.de\/index.php?rest_route=\/wp\/v2\/pages\/38\/revisions\/39"}],"up":[{"embeddable":true,"href":"https:\/\/talonzorch.de\/index.php?rest_route=\/wp\/v2\/pages\/18"}],"wp:attachment":[{"href":"https:\/\/talonzorch.de\/index.php?rest_route=%2Fwp%2Fv2%2Fmedia&parent=38"}],"curies":[{"name":"wp","href":"https:\/\/api.w.org\/{rel}","templated":true}]}}