{"id":44,"date":"2022-01-13T03:15:21","date_gmt":"2022-01-13T03:15:21","guid":{"rendered":"https:\/\/talonzorch.de\/?page_id=44"},"modified":"2022-01-13T03:15:21","modified_gmt":"2022-01-13T03:15:21","slug":"warhammer-40-000","status":"publish","type":"page","link":"https:\/\/talonzorch.de\/?page_id=44","title":{"rendered":"Warhammer 40.000"},"content":{"rendered":"\n<p>Das Spiel war der Grundstein f\u00fcr meine Tabletopbegeisterung. Es w\u00e4re str\u00e4flich, hier nicht zumindest ein paar Worte sp\u00e4ter dar\u00fcber zu verlieren &#8211; auch wenn ich es nicht mehr aktiv spiele.<\/p>\n","protected":false},"excerpt":{"rendered":"<p>Das Spiel war der Grundstein f\u00fcr meine Tabletopbegeisterung. Es w\u00e4re str\u00e4flich, hier nicht zumindest ein paar Worte sp\u00e4ter dar\u00fcber zu verlieren &#8211; auch wenn ich es nicht mehr aktiv spiele.<\/p>\n","protected":false},"author":1,"featured_media":0,"parent":18,"menu_order":0,"comment_status":"closed","ping_status":"closed","template":"","meta":{"footnotes":""},"class_list":["post-44","page","type-page","status-publish","hentry","post-preview"],"_links":{"self":[{"href":"https:\/\/talonzorch.de\/index.php?rest_route=\/wp\/v2\/pages\/44","targetHints":{"allow":["GET"]}}],"collection":[{"href":"https:\/\/talonzorch.de\/index.php?rest_route=\/wp\/v2\/pages"}],"about":[{"href":"https:\/\/talonzorch.de\/index.php?rest_route=\/wp\/v2\/types\/page"}],"author":[{"embeddable":true,"href":"https:\/\/talonzorch.de\/index.php?rest_route=\/wp\/v2\/users\/1"}],"replies":[{"embeddable":true,"href":"https:\/\/talonzorch.de\/index.php?rest_route=%2Fwp%2Fv2%2Fcomments&post=44"}],"version-history":[{"count":1,"href":"https:\/\/talonzorch.de\/index.php?rest_route=\/wp\/v2\/pages\/44\/revisions"}],"predecessor-version":[{"id":45,"href":"https:\/\/talonzorch.de\/index.php?rest_route=\/wp\/v2\/pages\/44\/revisions\/45"}],"up":[{"embeddable":true,"href":"https:\/\/talonzorch.de\/index.php?rest_route=\/wp\/v2\/pages\/18"}],"wp:attachment":[{"href":"https:\/\/talonzorch.de\/index.php?rest_route=%2Fwp%2Fv2%2Fmedia&parent=44"}],"curies":[{"name":"wp","href":"https:\/\/api.w.org\/{rel}","templated":true}]}}