{"id":48,"date":"2022-01-13T03:18:37","date_gmt":"2022-01-13T03:18:37","guid":{"rendered":"https:\/\/talonzorch.de\/?page_id=48"},"modified":"2022-01-13T03:18:37","modified_gmt":"2022-01-13T03:18:37","slug":"das-schwarze-auge","status":"publish","type":"page","link":"https:\/\/talonzorch.de\/?page_id=48","title":{"rendered":"Das Schwarze Auge"},"content":{"rendered":"\n<p>Das Schwarze Auge war mein erster Kontakt mit dem Thema Rollenspiel, irgendwann Anfang der 1990er Jahre. Ich habe es viel gespielt, noch mehr dar\u00fcber gelesen und wahrscheinlich noch viel mehr dar\u00fcber im Kopf durchgespielt.<\/p>\n\n\n\n<p>Mittlerweile leite ich lediglich eine Runde &#8211; und dabei nat\u00fcrlich auch den gro\u00dfen B\u00e4ren des Schwarzen Auges: Die 7-Gezeichneten Kampagne. Zu dieser werden sich hier weitere Informationen befinden, insbesondere auch Informationen \u00fcber die aktuellen Charaktere, einige Spielberichte und \u00e4hnliches.<\/p>\n","protected":false},"excerpt":{"rendered":"<p>Das Schwarze Auge war mein erster Kontakt mit dem Thema Rollenspiel, irgendwann Anfang der 1990er Jahre. Ich habe es viel gespielt, noch mehr dar\u00fcber gelesen und wahrscheinlich noch viel mehr dar\u00fcber im Kopf durchgespielt. Mittlerweile leite ich lediglich eine Runde &#8211; und dabei nat\u00fcrlich auch den gro\u00dfen B\u00e4ren des Schwarzen Auges: Die 7-Gezeichneten Kampagne. Zu [&hellip;]<\/p>\n","protected":false},"author":1,"featured_media":0,"parent":20,"menu_order":0,"comment_status":"closed","ping_status":"closed","template":"","meta":{"footnotes":""},"class_list":["post-48","page","type-page","status-publish","hentry","post-preview"],"_links":{"self":[{"href":"https:\/\/talonzorch.de\/index.php?rest_route=\/wp\/v2\/pages\/48","targetHints":{"allow":["GET"]}}],"collection":[{"href":"https:\/\/talonzorch.de\/index.php?rest_route=\/wp\/v2\/pages"}],"about":[{"href":"https:\/\/talonzorch.de\/index.php?rest_route=\/wp\/v2\/types\/page"}],"author":[{"embeddable":true,"href":"https:\/\/talonzorch.de\/index.php?rest_route=\/wp\/v2\/users\/1"}],"replies":[{"embeddable":true,"href":"https:\/\/talonzorch.de\/index.php?rest_route=%2Fwp%2Fv2%2Fcomments&post=48"}],"version-history":[{"count":1,"href":"https:\/\/talonzorch.de\/index.php?rest_route=\/wp\/v2\/pages\/48\/revisions"}],"predecessor-version":[{"id":49,"href":"https:\/\/talonzorch.de\/index.php?rest_route=\/wp\/v2\/pages\/48\/revisions\/49"}],"up":[{"embeddable":true,"href":"https:\/\/talonzorch.de\/index.php?rest_route=\/wp\/v2\/pages\/20"}],"wp:attachment":[{"href":"https:\/\/talonzorch.de\/index.php?rest_route=%2Fwp%2Fv2%2Fmedia&parent=48"}],"curies":[{"name":"wp","href":"https:\/\/api.w.org\/{rel}","templated":true}]}}