{"id":54,"date":"2022-01-13T03:21:00","date_gmt":"2022-01-13T03:21:00","guid":{"rendered":"https:\/\/talonzorch.de\/?page_id=54"},"modified":"2022-01-13T03:42:39","modified_gmt":"2022-01-13T03:42:39","slug":"dsa-%e2%80%a0-alrik-cuano-fuchsmann","status":"publish","type":"page","link":"https:\/\/talonzorch.de\/?page_id=54","title":{"rendered":"[DSA] \u2020 Alrik Cuano Fuchsmann"},"content":{"rendered":"\n<h1 class=\"wp-block-heading\">Alrik<\/h1>\n\n\n\n<p>Phexgeweihter.<\/p>\n\n\n\n<h2 class=\"wp-block-heading\">Erhaltene Erfahrungspunkte<\/h2>\n\n\n\n<ul class=\"wp-block-list\"><li>Charaktererschaffung &#8212; 460 AP &#8212; 460 AP<\/li><li>23.08. Staub und Sterne: &#8212; 150 AP &#8212; 610 AP<\/li><li>03.01.2018: 1500 AP (486 verbraucht \/ 1014 frei)<\/li><li>03.01.2018. Nicht teilgenommen<\/li><li>25.06.2018: Ende von &#8222;Albtraum ohne Ende&#8220; &#8211; 1800 AP \/ 6800 AP<\/li><li>19.12.2018: Ende von &#8222;Grenzenlose Gier&#8220; &#8211; 1001 AP \/ 7801 AP<\/li><\/ul>\n\n\n\n<h2 class=\"wp-block-heading\">Ausgegebene Erfahrungspunkte<\/h2>\n\n\n\n<ul class=\"wp-block-list\"><li>Charaktererschaffung &#8212; 456 AP &#8212; 456 AP<\/li><li>Liturgiekenntnis auf 7 &#8211; 183 AP &#8211; Verbraucht aktuell: 1489<\/li><li>Mut von 13 auf 14 verbilligt 190<\/li><li>Kon. von 10 auf 11 verbiligt 140<\/li><li>selbstb von 1 auf 10 372<\/li><li>Liturgie von 7 auf 15 705<\/li><li>Schl\u00f6sser Knacken von 4 auf 15 285<\/li><li>Gefahrinst auf 7 183<\/li><li>schleichen nach d von 3 auf 9 f\u00fcr 183<\/li><li>sinnessch\u00e4rfe von 6 auf 15 nach d 520<\/li><li>Falschspiel von 3 auf 12 f\u00fcr 182 nach b<\/li><li>Menschenk von 8 auf 15 f\u00fcr 216 nach b<\/li><li>\u00dcberreden von 6 auf 12 nach b 157<\/li><li>sch\u00e4tzen auf 14 f\u00fcr 220 nach b von 4<\/li><li>Mut auf 16 450<\/li><li>Int von 11 auf 14 f\u00fcr 1140 (6547 Gesamt)<\/li><\/ul>\n\n\n\n<h2 class=\"wp-block-heading\">Besondere Erfahrungen<\/h2>\n\n\n\n<ul class=\"wp-block-list\"><li>Staub und Sterne: Magieresistenz +1 (offen)<\/li><li>Albtraum ohne Ende: MUT (erledigt)<\/li><li>Albtraum ohne Ende: KONSTITUTION (erledigt)<\/li><li>Albtraum ohne Ende: Magiekunde (offen)<\/li><li>Albtraum ohne Ende: Selbstbeherrschung (offen)<\/li><li>Albtraum ohne Ende: G\u00f6tter \/ Kulte (offen)<\/li><li>Albtraum ohne Ende: Geographie (offen)<\/li><li>Albtraum ohne Ende: Gefahreninstinkt (wenn die Gabe vorhanden ist) (offen)<\/li><li>Albtraum ohne Ende: Prophezeien (wenn die Gabe vorhanden ist) (offen)<\/li><li>Grenzenlose Gier: Dolche (2x) (offen)<\/li><li>Grenzenlose Gier:&nbsp;\u00dcberreden (offen)<\/li><li>Grenzenlose Gier: Tierkunde (offen)<\/li><li>Grenzenlose Gier: Geographie (offen)<\/li><li>Grenzenlose Gier: Sagen \/ Legenden (offen)<\/li><li>Grenzenlose Gier: Magiekunde (offen)<\/li><li>Grenzenlose Gier: Sternenkunde (offen)<\/li><li>Grenzenlose Gier: Heilkunde Seele (offen)<\/li><li>Grenzenlose Gier: SF Eiskundig (offen)<\/li><li>Grenzenlose Gier: Totenansgst (offen)<\/li><li>Grenzenlose Gier: Dunkelangst (offen)<\/li><li>&nbsp;<\/li><\/ul>\n\n\n\n<h2 class=\"wp-block-heading\">Besonderes Inventar<\/h2>\n\n\n\n<p>&lt;Hier&gt;<\/p>\n\n\n\n<h2 class=\"wp-block-heading\">Weiteres<\/h2>\n\n\n\n<ul class=\"wp-block-list\"><li>Albtraum ohne Ende: +2 LeP (permanent, bereits eingerechnet)<\/li><li>Weihnachten 2018: +1 Attributspunkt, +10 Fertigkeitspunkte,<\/li><li>Ma\u00dfgeschneidertes Reisegewand mit sch\u00f6nen Pelzapplikationen in Wunschfarbe (schwarz, hellbraun, dunkelbraun, ocker, wei\u00df),<\/li><li>Ein silberner Borndorn in einer wei\u00dfen Lederscheide, mit der Gravur &#8222;Contra Vampirae&#8220; &#8211; er hat im Griff eine zudrehbare Aussparung f\u00fcr eine Knoblauchknolle,<\/li><li>Eine Urkunde \u00fcber 1 Morgen Land zwischen Balsaith und Olat, Leibrente von 100 Dukaten pro Jahr f\u00fcr 1015 und 1016 bereits bezahlt.&nbsp;<\/li><li>Ein Tralloper Riese mit dem Namen &#8222;Gr\u00e4fin \/ Graf&#8220; &lt;Pferdename hier einf\u00fcgen&gt; mit einem Stockma\u00df von knapp 2 Schritt.<\/li><li>Tr\u00e4ger des gro\u00dfen silbernen B\u00e4renorden. Ein silberner B\u00e4renkopf. Er zeigt dem Kundigen dass der Tr\u00e4ger dem Herzogtum Weiden wertvolle Dienste geleistet hat.<\/li><li>Hat verdreifachten Bartwuchs.<\/li><\/ul>\n\n\n\n<h2 class=\"wp-block-heading\">Start- und Maximalattribute<\/h2>\n\n\n\n<figure class=\"wp-block-table\"><table><tbody><tr><td><strong>Attribut<\/strong><\/td><td><strong>Start<\/strong><\/td><td><strong>Maximal<\/strong><\/td><td><strong>Aktuell<\/strong><\/td><\/tr><tr><td>Mut<\/td><td>14<\/td><td>21<\/td><td>16<\/td><\/tr><tr><td>Klugheit<\/td><td>11<\/td><td>17<\/td><td>11<\/td><\/tr><tr><td>Intuition<\/td><td>11<\/td><td>17<\/td><td>15<\/td><\/tr><tr><td>Charisma<\/td><td>14<\/td><td>21<\/td><td>14<\/td><\/tr><tr><td>Fingerfertigkeit<\/td><td>16<\/td><td>24<\/td><td>16<\/td><\/tr><tr><td>Geschicklichkeit<\/td><td>15<\/td><td>23<\/td><td>15<\/td><\/tr><tr><td>Konstitution<\/td><td>11<\/td><td>17<\/td><td>11<\/td><\/tr><tr><td>K\u00f6rperkraft<\/td><td>10<\/td><td>15<\/td><td>10<\/td><\/tr><\/tbody><\/table><\/figure>\n","protected":false},"excerpt":{"rendered":"<p>Alrik Phexgeweihter. Erhaltene Erfahrungspunkte Charaktererschaffung &#8212; 460 AP &#8212; 460 AP 23.08. Staub und Sterne: &#8212; 150 AP &#8212; 610 AP 03.01.2018: 1500 AP (486 verbraucht \/ 1014 frei) 03.01.2018. Nicht teilgenommen 25.06.2018: Ende von &#8222;Albtraum ohne Ende&#8220; &#8211; 1800 AP \/ 6800 AP 19.12.2018: Ende von &#8222;Grenzenlose Gier&#8220; &#8211; 1001 AP \/ 7801 AP [&hellip;]<\/p>\n","protected":false},"author":1,"featured_media":0,"parent":50,"menu_order":0,"comment_status":"closed","ping_status":"closed","template":"","meta":{"footnotes":""},"class_list":["post-54","page","type-page","status-publish","hentry","post-preview"],"_links":{"self":[{"href":"https:\/\/talonzorch.de\/index.php?rest_route=\/wp\/v2\/pages\/54","targetHints":{"allow":["GET"]}}],"collection":[{"href":"https:\/\/talonzorch.de\/index.php?rest_route=\/wp\/v2\/pages"}],"about":[{"href":"https:\/\/talonzorch.de\/index.php?rest_route=\/wp\/v2\/types\/page"}],"author":[{"embeddable":true,"href":"https:\/\/talonzorch.de\/index.php?rest_route=\/wp\/v2\/users\/1"}],"replies":[{"embeddable":true,"href":"https:\/\/talonzorch.de\/index.php?rest_route=%2Fwp%2Fv2%2Fcomments&post=54"}],"version-history":[{"count":2,"href":"https:\/\/talonzorch.de\/index.php?rest_route=\/wp\/v2\/pages\/54\/revisions"}],"predecessor-version":[{"id":110,"href":"https:\/\/talonzorch.de\/index.php?rest_route=\/wp\/v2\/pages\/54\/revisions\/110"}],"up":[{"embeddable":true,"href":"https:\/\/talonzorch.de\/index.php?rest_route=\/wp\/v2\/pages\/50"}],"wp:attachment":[{"href":"https:\/\/talonzorch.de\/index.php?rest_route=%2Fwp%2Fv2%2Fmedia&parent=54"}],"curies":[{"name":"wp","href":"https:\/\/api.w.org\/{rel}","templated":true}]}}