{"id":72,"date":"2022-01-13T03:24:08","date_gmt":"2022-01-13T03:24:08","guid":{"rendered":"https:\/\/talonzorch.de\/?page_id=72"},"modified":"2022-01-13T03:50:38","modified_gmt":"2022-01-13T03:50:38","slug":"dsa-%e2%80%a0-garth","status":"publish","type":"page","link":"https:\/\/talonzorch.de\/?page_id=72","title":{"rendered":"[DSA] \u2020 Garth"},"content":{"rendered":"\n<h1 class=\"wp-block-heading\">=Garth=<\/h1>\n\n\n\n<h2 class=\"wp-block-heading\">==Erhaltene Erfahrungspunkte==<\/h2>\n\n\n\n<ul class=\"wp-block-list\"><li>Charaktererschaffung (500 AP) [500 AP]<\/li><li>Ein begeisterter Neuanfang (250 AP) [ 750 AP]<\/li><li>In der silbernen Sonne (25 AP) [775 AP]<\/li><li>Zwischenspiel (500 AP) [1275 AP]<\/li><li>Der Orkenhort (550 AP) [1825 AP]<\/li><li>Der Weg nach Gareth (200 AP) [2025 AP]<\/li><li>Die Schlacht auf den Silkwiesen (250 AP || 2275 AP]<\/li><li>Die Eroberung von Greifenfurt) (250 AP || 2525 AP]<\/li><li>09.11.2016 (25 AP) [2550 AP]<\/li><li>23.11.2016 (25 AP) [2575 AP]<\/li><li>7.12.2016 (25 AP) [ 2600 AP]<\/li><li>21.12.2016 (200 AP) [2800 AP]<\/li><li>01.03.2017 (50 AP) [2850 AP]<\/li><li>21.06.2017 (150 AP) [3000 AP]<\/li><li>12.07 (Abschluss Greifenfurt) (500 AP) [3500 AP]<\/li><li>08.08. Staub und Sterne|Staub und Sterne: In die W\u00fcste) (125 AP) [3625 AP]<\/li><li>16.08. Staub und Sterne|Staub und Sterne: In die W\u00fcste) (125 AP) [3750 AP]<\/li><li>23.08. Staub und Sterne|Staub und Sterne: In die W\u00fcste) (0 AP) [3750 AP]<\/li><li>03.01.2018: [5000 AP]<\/li><li>03.01.2018. Teilgenommen<\/li><li>25.06.2018: Ende von &#8222;Albtraum ohne Ende&#8220; &#8211; 1800 AP \/ 6800 AP<\/li><li>19.12.2018: Ende von &#8222;Grenzenlose Gier&#8220; &#8211; 1001 AP \/ 7801 AP<\/li><li>29.05.2019; Ende von &#8222;Unbegrenzte Macht&#8220; &#8211; 600 AP \/ 8401 AP<\/li><li><\/li><\/ul>\n\n\n\n<h2 class=\"wp-block-heading\">==Ausgegebene Erfahrungspunkte==<\/h2>\n\n\n\n<ul class=\"wp-block-list\"><li>Charaktererschaffung &#8211; 500 AP &#8211; 500 AP<\/li><li>Hiebwaffen +2 auf 12 &#8211; 120 AP &#8211; 620 AP<\/li><li>Vorurteile -2 auf 10 &#8211; 100 AP &#8211; 720 AP<\/li><li>Magieresistenz +2 auf 2 &#8211; 51 AP &#8211; 771 AP<\/li><li>Hiebwaffen +2 auf 14 &#8211; 145 AP &#8211; 916 AP<\/li><li>Etikette +2 auf 5 &#8211; 25 AP &#8211; 941 AP<\/li><li>Lehren +5 auf 5 &#8211; 41 AP &#8211; 982 AP<\/li><li>Konstitution auf 14 &#8211; 190 AP &#8211; 1172 AP<\/li><li>+4 Lebenspunke &#8211; 196 AP &#8211; 1368 AP<\/li><li>Schildkampf II &#8211; 200 AP &#8211; 1586 AP<\/li><li>Vorurteile gegen Magier -2 &#8211; 200 AP &#8211; 1786 AP<\/li><li>Konstitution auf 15 &#8211; 410 AP &#8211; 2196 AP<\/li><li>Meisterparade &#8211; 300 AP &#8211; 2496 AP<\/li><li>Finte &#8211; 200 AP &#8211; 2696 AP<\/li><li>Hiebwaffen auf 18 &#8211; 375 AP &#8211; 4071 AP<\/li><li>Liturgiekenntnis auf 9 &#8211;&nbsp;208 AP<\/li><li>Mut auf 15 :400 AP<\/li><li>Konstitution auf 17:&nbsp;460 AP<\/li><li>MAgiekunde +3 auf 6: 29 AP<\/li><li>Selbstbeherrschung von 6 auf 10:&nbsp;159<\/li><li>Rechtskunde von 3 auf 6:&nbsp;29 AP<\/li><li>Karmapunkte: 300 AP: +4 KaP<\/li><li>Totenangst -4: 400 AP<\/li><li>R\u00fcstungsgew\u00f6hnung II &#8211; 300 AP<\/li><li>Praios Gesegneter Bannstrahl- 250 AP (6741 AP verbraucht)<\/li><\/ul>\n\n\n\n<h2 class=\"wp-block-heading\">==Besondere Erfahrungen==<\/h2>\n\n\n\n<ul class=\"wp-block-list\"><li>#003 &#8211; In der Silbernen Sonne: Konstitution kann einmal um eine Spalte leichter gesteigert werden. (erledigt)<\/li><li>#004 &#8211; Mehrere gl\u00fcckliche Attacken pariert. Die n\u00e4chste Sonderfertigkeit im Bereich \u201eSchildkampf\u201c ist um 25% g\u00fcnstiger zu erwerben. (erledigt)<\/li><li>#005 &#8211; Garth: Sich Verstecken besondere Erfahrung (19,20,20) (offen)<\/li><li>#007 \u2013 Der Orkenhort: Der Charakter hat Phex etwas in seinem heiligsten Tempel geopfert. An passender Stelle k\u00f6nnte Phex sich revanchieren; Garth schwor bei seiner Ehre dass er nichts \u00fcber den Orkenhort erz\u00e4hlen wird. (offen)<\/li><li>#008: Schleichen (offen)<\/li><li>Die Mordf\u00e4lle von Greifenfurt GEWANDTHEIT (offen)<\/li><li>Die Mordf\u00e4lle von Greifenfurt: Rechtskunde (Analyse einer Veruntreuung) (erledigt)<\/li><li>Staub und Sterne: MUT (erledigt)<\/li><li>Staub und Sterne: KONSTITUTION (erledigt)<\/li><li>Albtraum ohne Ende: MUT (erledigt)<\/li><li>Albtraum ohne Ende: KONSTITUTION (erledigt)<\/li><li>Albtraum ohne Ende: Magiekunde (erledigt)<\/li><li>Albtraum ohne Ende: Selbstbeherrschung (erledigt)<\/li><li>Albtraum ohne Ende: G\u00f6tter \/ Kulte (offen)<\/li><li>Albtraum ohne Ende: Geographie (offen)<\/li><li>Albtraum ohne Ende: Gefahreninstinkt (wenn die Gabe vorhanden ist) (offen)<\/li><li>Albtraum ohne Ende: Prophezeien (wenn die Gabe vorhanden ist) (offen)<\/li><li>Grenzenlose Gier: Dolche (2x) (offen)<\/li><li>Grenzenlose Gier:&nbsp;\u00dcberreden (offen)<\/li><li>Grenzenlose Gier: Tierkunde (offen)<\/li><li>Grenzenlose Gier: Geographie (offen)<\/li><li>Grenzenlose Gier: Sagen \/ Legenden (offen)<\/li><li>Grenzenlose Gier: Magiekunde (offen)<\/li><li>Grenzenlose Gier: Sternenkunde (offen)<\/li><li>Grenzenlose Gier: Heilkunde Seele (offen)<\/li><li>Grenzenlose Gier: SF Eiskundig (offen)<\/li><li>Grenzenlose Gier: Totenansgst (offen)<\/li><li>Grenzenlose Gier: Dunkelangst (offen)<\/li><li>Unbegrenzte Macht: Parade (offen)<\/li><\/ul>\n\n\n\n<h2 class=\"wp-block-heading\">==Besonderes Inventar==<\/h2>\n\n\n\n<h2 class=\"wp-block-heading\">==Notizen==<\/h2>\n\n\n\n<ul class=\"wp-block-list\"><li>Weihnachtgeschenk 2017 &#8211; 2 Attributtspunkte &#8211; verteilt!<\/li><li>Albtraum ohne Ende: +2 LeP (permanent, bereits eingerechnet)<\/li><li>Weihnachten 2018: +1 Attributspunkt, +10 Fertigkeitspunkte,<\/li><li>Ma\u00dfgeschneidertes Reisegewand mit sch\u00f6nen Pelzapplikationen in Wunschfarbe (schwarz, hellbraun, dunkelbraun, ocker, wei\u00df),<\/li><li>Ein silberner Borndorn in einer wei\u00dfen Lederscheide, mit der Gravur &#8222;Contra Vampirae&#8220; &#8211; er hat im Griff eine zudrehbare Aussparung f\u00fcr eine Knoblauchknolle,<\/li><li>Eine Urkunde \u00fcber 1 Morgen Land zwischen Balsaith und Olat, Leibrente von 100 Dukaten pro Jahr f\u00fcr 1015 und 1016 bereits bezahlt.&nbsp;<\/li><li>Ein Tralloper Riese mit dem Namen &#8222;Gr\u00e4fin \/ Graf&#8220; &lt;Pferdename hier einf\u00fcgen&gt; mit einem Stockma\u00df von knapp 2 Schritt.<\/li><li>Tr\u00e4ger des gro\u00dfen silbernen B\u00e4renorden. Ein silberner B\u00e4renkopf. Er zeigt dem Kundigen dass der Tr\u00e4ger dem Herzogtum Weiden wertvolle Dienste geleistet hat.<\/li><li>Hat verdreifachten Bartwuchs.<\/li><li>&nbsp;<\/li><\/ul>\n\n\n\n<h3 class=\"wp-block-heading\">Brief an Garth<\/h3>\n\n\n\n<p>~~~ Um das Schreiben zu lesen muss ein Siegel gebrochen werden ~~<\/p>\n\n\n\n<p>Garth,<br>Knappe des Bannstrahls,<\/p>\n\n\n\n<p>Im Namen des Aldec Praiofold II wird euch zu Theil, gut geheissen durch Hochmeister Praiodan von Wei\u00dffels, die Aufgabe zu Theil, der Order seiner Reichsgro\u00dfgeheimratlichkeit Baron von Ulmenhain, Graf von Wehrheim, Tr\u00e4ger des Reichsordens erster Klasse Dexter Nemrod zu folgen.<\/p>\n\n\n\n<p>Wir freuen uns im h\u00f6chsten Ma\u00dfe ob eures Berichtes der Reise, insbesondere eurer Einsch\u00e4tzung der dunklen Dinge ob welcher wir geh\u00f6rt haben.<\/p>\n\n\n\n<p>Sobald der Baron von Ulmenhain euch freigibt, kehrt Heim nach Auraleth &#8211; und wir werden in Seinem Namen erneut mit euch sprechen.<\/p>\n\n\n\n<p>F\u00fcr den Orden des Bannstrahls,<br>Meister Evangar Praiofels<br>~~~Gesiegelt~~~<\/p>\n\n\n\n<h2 class=\"wp-block-heading\">Start- und Maximalattribute<\/h2>\n\n\n\n<figure class=\"wp-block-table\"><table><tbody><tr><td><strong>Attribut<\/strong><\/td><td><strong>Start<\/strong><\/td><td><strong>Maximal<\/strong><\/td><td><strong>Aktuell<\/strong><\/td><\/tr><tr><td>Mut<\/td><td>14<\/td><td>21<\/td><td>15<\/td><\/tr><tr><td>Klugheit<\/td><td>13<\/td><td>20<\/td><td>13<\/td><\/tr><tr><td>Intuition<\/td><td>13<\/td><td>20<\/td><td>13<\/td><\/tr><tr><td>Charisma<\/td><td>15<\/td><td>23<\/td><td>15<\/td><\/tr><tr><td>Fingerfertigkeit<\/td><td>10<\/td><td>15<\/td><td>10<\/td><\/tr><tr><td>Geschicklichkeit<\/td><td>12<\/td><td>18<\/td><td>12<\/td><\/tr><tr><td>Konstitution<\/td><td>14<\/td><td>21<\/td><td>18<\/td><\/tr><tr><td>K\u00f6rperkraft<\/td><td>15<\/td><td>23<\/td><td>15<\/td><\/tr><\/tbody><\/table><\/figure>\n","protected":false},"excerpt":{"rendered":"<p>=Garth= ==Erhaltene Erfahrungspunkte== Charaktererschaffung (500 AP) [500 AP] Ein begeisterter Neuanfang (250 AP) [ 750 AP] In der silbernen Sonne (25 AP) [775 AP] Zwischenspiel (500 AP) [1275 AP] Der Orkenhort (550 AP) [1825 AP] Der Weg nach Gareth (200 AP) [2025 AP] Die Schlacht auf den Silkwiesen (250 AP || 2275 AP] Die Eroberung [&hellip;]<\/p>\n","protected":false},"author":1,"featured_media":0,"parent":50,"menu_order":0,"comment_status":"closed","ping_status":"closed","template":"","meta":{"footnotes":""},"class_list":["post-72","page","type-page","status-publish","hentry","post-preview"],"_links":{"self":[{"href":"https:\/\/talonzorch.de\/index.php?rest_route=\/wp\/v2\/pages\/72","targetHints":{"allow":["GET"]}}],"collection":[{"href":"https:\/\/talonzorch.de\/index.php?rest_route=\/wp\/v2\/pages"}],"about":[{"href":"https:\/\/talonzorch.de\/index.php?rest_route=\/wp\/v2\/types\/page"}],"author":[{"embeddable":true,"href":"https:\/\/talonzorch.de\/index.php?rest_route=\/wp\/v2\/users\/1"}],"replies":[{"embeddable":true,"href":"https:\/\/talonzorch.de\/index.php?rest_route=%2Fwp%2Fv2%2Fcomments&post=72"}],"version-history":[{"count":2,"href":"https:\/\/talonzorch.de\/index.php?rest_route=\/wp\/v2\/pages\/72\/revisions"}],"predecessor-version":[{"id":115,"href":"https:\/\/talonzorch.de\/index.php?rest_route=\/wp\/v2\/pages\/72\/revisions\/115"}],"up":[{"embeddable":true,"href":"https:\/\/talonzorch.de\/index.php?rest_route=\/wp\/v2\/pages\/50"}],"wp:attachment":[{"href":"https:\/\/talonzorch.de\/index.php?rest_route=%2Fwp%2Fv2%2Fmedia&parent=72"}],"curies":[{"name":"wp","href":"https:\/\/api.w.org\/{rel}","templated":true}]}}