{"id":74,"date":"2022-01-13T03:24:37","date_gmt":"2022-01-13T03:24:37","guid":{"rendered":"https:\/\/talonzorch.de\/?page_id=74"},"modified":"2022-01-13T03:50:44","modified_gmt":"2022-01-13T03:50:44","slug":"dsa-marbosa","status":"publish","type":"page","link":"https:\/\/talonzorch.de\/?page_id=74","title":{"rendered":"[DSA] Marbosa"},"content":{"rendered":"\n<h1 class=\"wp-block-heading\">Marbosa<\/h1>\n\n\n\n<h2 class=\"wp-block-heading\">Erhaltene Erfahrungspunkte<\/h2>\n\n\n\n<ul class=\"wp-block-list\"><li>Charaktererschaffung &#8212; 500 AP &#8212; 500 AP<\/li><li>19.12.2018: Ende von &#8222;Grenzenlose Gier&#8220; &#8211; 1001 AP \/ 7801 AP<\/li><li>29.05.2019; Ende von &#8222;Unbegrenzte Macht&#8220; &#8211; 600 AP \/ 8401 AP<\/li><li>22.07.2020: Ende von Pforte des Grauens &#8211; 680 AP \/ 9081 AP<\/li><li>25.07.2021: Intermezzo am Hof der Kusmin-Galahans: +250 AP \/ 9331<\/li><li>25.07.2021: Charakter von FGC auf FGU \u00fcbertragen &#8211; +100 AP \/ 9431 AP<\/li><\/ul>\n\n\n\n<h2 class=\"wp-block-heading\">Ausgegebene Erfahrungspunkte<\/h2>\n\n\n\n<ul class=\"wp-block-list\"><li>Charaktererschaffung &#8212; 500 AP &#8212; 6800 AP<\/li><li>22.12.2018 Karmaenergie Erh\u00f6hung (IN 16 = 4, LKP 18 = 2) =&gt; 6 KP &#8211; 7100 AP<ul><li>Anmerkung: Boron 1015<\/li><\/ul><\/li><li>22.12.2018: Liturgie: &#8222;G\u00f6ttliches Zeichen I \/ III&#8220; &#8211; 150 AP (7250 AP)<\/li><li>22.12.2018: Kryptographie von 2 auf 5 &#8211; 25 AP (7275 AP)<\/li><li>\u00dcberzeugen von 2 auf 8 &#8211;&nbsp;75 AP (7350 AP)<\/li><li>\u00dcberreden von 1 auf 8 &#8211; 79 AP (7429 AP)<\/li><li>\u00dcberreden von 9 auf 9 (SE) 11 AP (7440 AP)<\/li><li>Sternkunde von x auf 5 &#8211; 41 AP (7481 AP)<\/li><li>Sternkunde von 5 auf 6 (SE) &#8211; 7 AP (7488 AP)<\/li><li>Marbos Geisterblick II \/ III &#8211; 150 AP (7638 AP)<\/li><li>Ausweichen I (verbilligt) 150 AP (7788 AP)<\/li><li>Ausweichen II 200 AP (7988 AP)<\/li><li>Magiekunde von 2 auf 10 &#8211; 122 AP (8110 AP)<\/li><li>Kampfreflexe &#8211; 300 AP (8410 AP)<\/li><\/ul>\n\n\n\n<h2 class=\"wp-block-heading\">Besondere Erfahrungen<\/h2>\n\n\n\n<ul class=\"wp-block-list\"><li>Grenzenlose Gier: Dolche (2x) (offen)<\/li><li>Grenzenlose Gier:&nbsp;\u00dcberreden (erledigt)<\/li><li>Grenzenlose Gier: Tierkunde (offen)<\/li><li>Grenzenlose Gier: Geographie (offen)<\/li><li>Grenzenlose Gier: Sagen \/ Legenden (offen)<\/li><li>Grenzenlose Gier: Magiekunde (offen)<\/li><li>Grenzenlose Gier: Sternenkunde (erledigt)<\/li><li>Grenzenlose Gier: Heilkunde Seele (offen)<\/li><li>Grenzenlose Gier: SF Eiskundig (offen)<\/li><li>Grenzenlose Gier: Totenansgst (offen)<\/li><li>Grenzenlose Gier: Dunkelangst (offen)<\/li><li>Unbegrenzte Macht: Ausweichen (erledigt)<\/li><li>Pforte des Grauens: Heilkunde (offen)<\/li><\/ul>\n\n\n\n<h2 class=\"wp-block-heading\">Besonderes Inventar<\/h2>\n\n\n\n<p>&lt;Hier&gt;<\/p>\n\n\n\n<h2 class=\"wp-block-heading\">Weiteres<\/h2>\n\n\n\n<ul class=\"wp-block-list\"><li>Weihnachten 2018: +1 Attributspunkt, +10 Fertigkeitspunkte,<\/li><li>Ma\u00dfgeschneidertes Reisegewand mit sch\u00f6nen Pelzapplikationen in Wunschfarbe (schwarz, hellbraun, dunkelbraun, ocker, wei\u00df),<\/li><li>Ein silberner Borndorn in einer wei\u00dfen Lederscheide, mit der Gravur &#8222;Contra Vampirae&#8220; &#8211; er hat im Griff eine zudrehbare Aussparung f\u00fcr eine Knoblauchknolle,<\/li><li>Eine Urkunde \u00fcber 1 Morgen Land zwischen Balsaith und Olat- Dieses Land wurde an den Golgaritenorden \u00fcbergeben.&nbsp;<\/li><li>Leibrente von 100 Dukaten pro Jahr f\u00fcr 1015 und 1016 bereits bezahlt.&nbsp;<\/li><li>Ein Tralloper Riese mit dem Namen &#8222;Gr\u00e4fin \/ Graf&#8220; &lt;Pferdename hier einf\u00fcgen&gt; mit einem Stockma\u00df von knapp 2 Schritt.<\/li><li>Tr\u00e4ger des gro\u00dfen silbernen B\u00e4renorden. Ein silberner B\u00e4renkopf. Er zeigt dem Kundigen dass der Tr\u00e4ger dem Herzogtum Weiden wertvolle Dienste geleistet hat.<\/li><li>Hat eine Queste von Boron erhalten einen ihrer Fehler wieder auszumerzen.<\/li><li>Hat BARTWUCHS. Intensiven Bartwuchs. Er muss sich einmal die Woche rasieren um nicht b\u00e4rtig auszusehen.<\/li><li>&nbsp;<\/li><\/ul>\n\n\n\n<h2 class=\"wp-block-heading\">Start- und Maximalattribute<\/h2>\n\n\n\n<figure class=\"wp-block-table\"><table><tbody><tr><td><strong>Attribut<\/strong><\/td><td><strong>Start<\/strong><\/td><td><strong>Maximal<\/strong><\/td><td><strong>Aktuell<\/strong><\/td><\/tr><tr><td>Mut<\/td><td>17<\/td><td>26<\/td><td>17<\/td><\/tr><tr><td>Klugheit<\/td><td>12<\/td><td>18<\/td><td>12<\/td><\/tr><tr><td>Intuition<\/td><td>16<\/td><td>24<\/td><td>16<\/td><\/tr><tr><td>Charisma<\/td><td>15<\/td><td>24<\/td><td>15<\/td><\/tr><tr><td>Fingerfertigkeit<\/td><td>12<\/td><td>18<\/td><td>12<\/td><\/tr><tr><td>Geschicklichkeit<\/td><td>13<\/td><td>20<\/td><td>13<\/td><\/tr><tr><td>Konstitution<\/td><td>14<\/td><td>21<\/td><td>14<\/td><\/tr><tr><td>K\u00f6rperkraft<\/td><td>14<\/td><td>21<\/td><td>14<\/td><\/tr><\/tbody><\/table><\/figure>\n","protected":false},"excerpt":{"rendered":"<p>Marbosa Erhaltene Erfahrungspunkte Charaktererschaffung &#8212; 500 AP &#8212; 500 AP 19.12.2018: Ende von &#8222;Grenzenlose Gier&#8220; &#8211; 1001 AP \/ 7801 AP 29.05.2019; Ende von &#8222;Unbegrenzte Macht&#8220; &#8211; 600 AP \/ 8401 AP 22.07.2020: Ende von Pforte des Grauens &#8211; 680 AP \/ 9081 AP 25.07.2021: Intermezzo am Hof der Kusmin-Galahans: +250 AP \/ 9331 25.07.2021: [&hellip;]<\/p>\n","protected":false},"author":1,"featured_media":0,"parent":50,"menu_order":0,"comment_status":"closed","ping_status":"closed","template":"","meta":{"footnotes":""},"class_list":["post-74","page","type-page","status-publish","hentry","post-preview"],"_links":{"self":[{"href":"https:\/\/talonzorch.de\/index.php?rest_route=\/wp\/v2\/pages\/74","targetHints":{"allow":["GET"]}}],"collection":[{"href":"https:\/\/talonzorch.de\/index.php?rest_route=\/wp\/v2\/pages"}],"about":[{"href":"https:\/\/talonzorch.de\/index.php?rest_route=\/wp\/v2\/types\/page"}],"author":[{"embeddable":true,"href":"https:\/\/talonzorch.de\/index.php?rest_route=\/wp\/v2\/users\/1"}],"replies":[{"embeddable":true,"href":"https:\/\/talonzorch.de\/index.php?rest_route=%2Fwp%2Fv2%2Fcomments&post=74"}],"version-history":[{"count":2,"href":"https:\/\/talonzorch.de\/index.php?rest_route=\/wp\/v2\/pages\/74\/revisions"}],"predecessor-version":[{"id":116,"href":"https:\/\/talonzorch.de\/index.php?rest_route=\/wp\/v2\/pages\/74\/revisions\/116"}],"up":[{"embeddable":true,"href":"https:\/\/talonzorch.de\/index.php?rest_route=\/wp\/v2\/pages\/50"}],"wp:attachment":[{"href":"https:\/\/talonzorch.de\/index.php?rest_route=%2Fwp%2Fv2%2Fmedia&parent=74"}],"curies":[{"name":"wp","href":"https:\/\/api.w.org\/{rel}","templated":true}]}}