{"id":76,"date":"2022-01-13T03:24:54","date_gmt":"2022-01-13T03:24:54","guid":{"rendered":"https:\/\/talonzorch.de\/?page_id=76"},"modified":"2022-01-13T03:51:16","modified_gmt":"2022-01-13T03:51:16","slug":"dsa-razul","status":"publish","type":"page","link":"https:\/\/talonzorch.de\/?page_id=76","title":{"rendered":"[DSA] Razul"},"content":{"rendered":"\n<h1 class=\"wp-block-heading\">Razul<\/h1>\n\n\n\n<p>Auelfischer Kundschafter mit saphirblauen Augen. blau-schwarzen langen Haaren und einer Gr\u00f6\u00dfe von 1,93m.<\/p>\n\n\n\n<h2 class=\"wp-block-heading\">Erfahrungspunkte<\/h2>\n\n\n\n<ul class=\"wp-block-list\"><li>Charaktererschaffung &#8212; 540 AP &#8212; 500 AP<\/li><li>Verhandlungen mit Nostria &#8212; 500 AP &#8212; 1040 AP<\/li><li>Der Orkenhort &#8212; 550 AP &#8212; 1590 AP<\/li><li>Der Weg nach Gareth &#8212; 200 AP &#8212; 1790 AP<\/li><li>Die Schlacht auf den Silkwiesen &#8212; 250 AP &#8212; 2040 AP<\/li><li>Die Eroberung von Greifenfurt &#8212; 250 AP &#8212; 2265 AP<\/li><li>09.11.2016 &#8212; 25 AP &#8212; 2290 AP<\/li><li>23.11.2016 &#8212; 25 AP &#8212; 2315 AP<\/li><li>7.12.2016 &#8212; 25 AP &#8212; 2340 AP<\/li><li>21.12.2016 &#8212; 200 AP &#8212; 2540 AP<\/li><li>01.03.2017 &#8212; 50 AP &#8212; 2590 AP<\/li><li>21.06.2017 &#8212; 150 AP &#8212; 2740 AP<\/li><li>12.07 (Abschluss Greifenfurt) &#8212; 500 AP &#8212; 3240 AP<\/li><li>08.08. Staub und Sterne &#8212; 125 AP &#8212; 3365 AP<\/li><li>16.08. Staub und Sterne &#8212; 125 AP &#8212; 3490 AP<\/li><li>23.08. Staub und Sterne &#8212; 125 AP &#8212; 3615 AP<\/li><li>03.01.2018: 5.000 AP \/ 4862 Verbraucht<\/li><li>03.01.2018. Teilgenommen<\/li><li>25.06.2018: Ende von &#8222;Albtraum ohne Ende&#8220; &#8211; 1800 AP \/ 6800 AP<\/li><li>19.12.2018: Ende von &#8222;Grenzenlose Gier&#8220; &#8211; 1001 AP \/ 7801 AP<\/li><li>29.05.2019; Ende von &#8222;Unbegrenzte Macht&#8220; &#8211; 600 AP \/ 8401 AP<\/li><li>22.07.2020: Ende von Pforte des Grauens &#8211; 680 AP \/ 9081 AP<\/li><li>25.07.2021: Intermezzo am Hof der Kusmin-Galahans: +250 AP \/ 9331 Aktuell Rest 179 AP.<\/li><li><\/li><\/ul>\n\n\n\n<h2 class=\"wp-block-heading\">Ausgegebene Erfahrungspunkte<\/h2>\n\n\n\n<ul class=\"wp-block-list\"><li>Charaktererschaffung &#8212; 540 AP &#8212; 540 AP<\/li><li>Sonderfertigkeit Scharfsch\u00fctze &#8212; 300 AP &#8212; 840 AP<\/li><li>Sonderfertigkeit Schnelladen &#8212; 200 AP &#8212; 1040 AP<\/li><li>Bogen auf 8 &#8212; 199 AP &#8212; 1239 AP<\/li><li>Pflanzenkunde auf 7 &#8212; 50 AP &#8212; 1289 AP<\/li><li>Schwert auf 5 &#8212; 73 AP &#8212; 1362 AP<\/li><li>Selbstbeherrschung auf 5 &#8212; 55 AP &#8212; 1417 AP<\/li><li>Schleichen auf 9 &#8212; 84 AP &#8212; 1501 AP<\/li><li>Bogen auf 15 &#8212; 555 AP &#8212; 2056 AP<\/li><li>Ausweichen SF &#8212; 300 AP &#8212; 2356 AP<\/li><li>Ausweichen II SF &#8212; 200 AP &#8212; 2556 AP<\/li><li>Kampfreflexe SF &#8212; 300 AP &#8212; 2856 AP<\/li><li>Gewandtheit +1 &#8212; 480 AP &#8212; 3336 AP<\/li><li>Kampfgesp\u00fcr &#8211; 300 AP &#8211; 3636 AP<\/li><li>Ausweichen III &#8211; 200 AP &#8211; 3836 AP<\/li><li>+9 Lebenspunkte&nbsp;1276 AP &#8211; 4862 AP<\/li><li>LEBENSPUNKTE GEKAUFT: 9<\/li><li>Schleichen von 9 auf 10 (Besondere Erfahrung): 13 AP &#8211; 4875 AP<\/li><li>Pflanzenkunde von 7 auf 8 (Besondere Erfahrung): 10 AP &#8211; 4885 AP<\/li><li>Bogen von 17 auf 18 (Besondere Erfahrung): 105 AP &#8211; 4990 AP<\/li><li>Magiekunde von 3 auf 4 (Besondere Erfahrung): 4 AP &#8211; 4994 AP<\/li><li>Mut von 12 auf 13 (Besondere Erfahrung): 175 AP &#8211; 5169 AP<\/li><li>Mut von 13 auf 14 (Besondere Erfahrung): 190 AP &#8211; 5359 AP<\/li><li>Konstitution von 15 auf 16 (Besondere Erfahrung): 220 AP &#8211; 5579 AP<\/li><li>Charisma auf 13 &#8211; 350 AP<\/li><li>Charisma auf 14 &#8211; 380 AP &#8211;&nbsp;6309 A\u00dc<\/li><li>Charisma auf 16 (kostenfrei durch Gabe der 7 G)<\/li><li>Etikette 2 &#8211; 16 AP<\/li><li>\u00dcberzeugen 2 &#8211; 16 A\u00dc<\/li><li>Etikette Von 2 auf 10 &#8211; 122 AP<\/li><li>Menschenkenntnis&nbsp;Von 2 auf 10 &#8211; 122 AP<\/li><li>\u00dcberreden&nbsp;Von 2 auf 10 &#8211; 122 AP<\/li><li>\u00dcberzeugen&nbsp;Von 2 auf 10 &#8211; 122 AP<\/li><li>Bet\u00f6ren von 3 auf 10 &#8211; 114 AP -&gt;&nbsp;6927 AP<\/li><li>Schwerter von 5 auf 15 &#8211;&nbsp;675 AP -&gt;&nbsp;7602 AP<\/li><li>SF Regeneration I &#8211; 100 AP -&gt; 7802 AP<\/li><li>SF Regeneration II &#8211; 100 AP -&gt; 7902 AP<\/li><li>Meisterliche Regeneration &#8211; 400 AP -&gt; 8302 AP<\/li><li>Klugheit von 9 auf 10 -&gt; 250 AP -&gt; 8552 AP<\/li><li>Klugheit von 10 auf 11 -&gt; 280 -&gt; 8832 AP<\/li><li>Klugheit von 11 auf 12 -&gt; 320 AP -&gt; 9152 AP<\/li><\/ul>\n\n\n\n<h2 class=\"wp-block-heading\">Besondere Erfahrungen<\/h2>\n\n\n\n<ul class=\"wp-block-list\"><li>#004 &#8211; Besondere Erfahrung: Schleichen&nbsp;(erledigt)<\/li><li>#007 \u2013 Der Orkenhort: Der Charakter hat Phex etwas in seinem heiligsten Tempel geopfert. An passender Stelle k\u00f6nnte Phex sich revanchieren; Garth schwor bei seiner Ehre dass er nichts \u00fcber den Orkenhort erz\u00e4hlen wird.&nbsp;(offen)<\/li><li>#007 \u2013 Der Orkenhort: Der Charakter darf einmalig &#8222;Eitelkeit&#8220; f\u00fcr 50 Punkte um einen Punkt senken (normal 100 Punkte)&nbsp;(offen)<\/li><li>#007 \u2013 Der Orkenhort: Besondere Erfahrung &#8222;Sagen und Legenden&#8220;&nbsp;(offen)<\/li><li>#007 \u2013 Der Orkenhort: Besondere Erfahrung &#8222;Pflanzenkunde&#8220;&nbsp;(erledigt)<\/li><li>Die Eroberung von Greifenfurt: Bogenschie\u00dfen.&nbsp;(erledigt)<\/li><li>Die Mordf\u00e4lle von Greifenfurt: Adlerschwinge (Epischer Transfer in eine andere Form)&nbsp;(offen)<\/li><li>Abschluss von Greifenfurt: Besondere Erfahrung &#8222;Singen&#8220;&nbsp;(offen)<\/li><li>Staub und Sterne: Konstitution&nbsp;(erledigt)<\/li><li>Staub und Sterne: Mut&nbsp;(erledigt)<\/li><li>Staub und Sterne: Besondere Erfahrung Sinnessch\u00e4rfe&nbsp;(offen)<\/li><li>Albtraum ohne Ende: Ausweichen (offen)<\/li><li>Albtraum ohne Ende: MUT (erledigt)<\/li><li>Albtraum ohne Ende: KONSTITUTION (erledigt)<\/li><li>Albtraum ohne Ende: Magiekunde (erledigt)<\/li><li>Albtraum ohne Ende: Selbstbeherrschung (offen)<\/li><li>Albtraum ohne Ende: G\u00f6tter \/ Kulte (offen)<\/li><li>Albtraum ohne Ende: Geographie (offen)<\/li><li>Albtraum ohne Ende: Gefahreninstinkt (wenn die Gabe vorhanden ist) (offen)<\/li><li>Albtraum ohne Ende: Prophezeien (wenn die Gabe vorhanden ist) (offen)<\/li><li>Grenzenlose Gier: Dolche (2x) (offen)<\/li><li>Grenzenlose Gier:&nbsp;\u00dcberreden (offen)<\/li><li>Grenzenlose Gier: Tierkunde (offen)<\/li><li>Grenzenlose Gier: Geographie (offen)<\/li><li>Grenzenlose Gier: Sagen \/ Legenden (offen)<\/li><li>Grenzenlose Gier: Magiekunde (offen)<\/li><li>Grenzenlose Gier: Sternenkunde (offen)<\/li><li>Grenzenlose Gier: Heilkunde Seele (offen)<\/li><li>Grenzenlose Gier: SF Eiskundig (offen)<\/li><li>Grenzenlose Gier: Totenansgst (offen)<\/li><li>Grenzenlose Gier: Dunkelangst (offen)<\/li><li>Unbegrenzte Macht: Sinnessch\u00e4rfe (offen)<\/li><li>Schatten im Zwielicht: Adlerschwinge (offen)<\/li><\/ul>\n\n\n\n<h2 class=\"wp-block-heading\">Besonderes Inventar<\/h2>\n\n\n\n<p>&lt;Hier&gt;<\/p>\n\n\n\n<h2 class=\"wp-block-heading\">Weiteres<\/h2>\n\n\n\n<ul class=\"wp-block-list\"><li>#007: Im Orkenhort nutzte der Charakter eine Charismapaste, welche seinen Charismawert permanent um +2 Punkte erh\u00f6ht.<\/li><li>Weihnachtgeschenk 2017 &#8211; 2 Attributtspunkte &#8211; verteilt!<\/li><li>Albtraum ohne Ende: Magiebegabte Helden erhalteln: 2 permanente ASP<\/li><li>Durch das R\u00e4tsel: +1 Attributspunkte auf GE<\/li><li>Weihnachten 2018: +1 Attributspunkt, +10 Fertigkeitspunkte,<\/li><li>Ma\u00dfgeschneidertes Reisegewand mit sch\u00f6nen Pelzapplikationen in Wunschfarbe (schwarz, hellbraun, dunkelbraun, ocker, wei\u00df),<\/li><li>Ein silberner Borndorn in einer wei\u00dfen Lederscheide, mit der Gravur &#8222;Contra Vampirae&#8220; &#8211; er hat im Griff eine zudrehbare Aussparung f\u00fcr eine Knoblauchknolle,<\/li><li>Eine Urkunde \u00fcber 1 Morgen Land zwischen Balsaith und Olat, Leibrente von 100 Dukaten pro Jahr f\u00fcr 1015 und 1016 bereits bezahlt.&nbsp;<\/li><li>Ein Tralloper Riese mit dem Namen &#8222;Gr\u00e4fin \/ Graf&#8220; &lt;Pferdename hier einf\u00fcgen&gt; mit einem Stockma\u00df von knapp 2 Schritt.<\/li><li>Tr\u00e4ger des gro\u00dfen silbernen B\u00e4renorden. Ein silberner B\u00e4renkopf. Er zeigt dem Kundigen dass der Tr\u00e4ger dem Herzogtum Weiden wertvolle Dienste geleistet hat.<\/li><li>Hat BARTWUCHS. Intensiven Bartwuchs. Er muss sich einmal die Woche rasieren um nicht b\u00e4rtig auszusehen.<\/li><\/ul>\n\n\n\n<h2 class=\"wp-block-heading\">Start- und Maximalattribute<\/h2>\n\n\n\n<figure class=\"wp-block-table\"><table><tbody><tr><td><strong>Attribut<\/strong><\/td><td><strong>Start<\/strong><\/td><td><strong>Maximal<\/strong><\/td><td><strong>Aktuell<\/strong><\/td><\/tr><tr><td>Mut<\/td><td>12<\/td><td>18<\/td><td>14<\/td><\/tr><tr><td>Klugheit<\/td><td>9<\/td><td>14<\/td><td>9<\/td><\/tr><tr><td>Intuition<\/td><td>16<\/td><td>24<\/td><td>16<\/td><\/tr><tr><td>Charisma<\/td><td>12<\/td><td>18<\/td><td>12<\/td><\/tr><tr><td>Fingerfertigkeit<\/td><td>14<\/td><td>21<\/td><td>14<\/td><\/tr><tr><td>Geschicklichkeit<\/td><td>16<\/td><td>24<\/td><td>18<\/td><\/tr><tr><td>Konstitution<\/td><td>15<\/td><td>23<\/td><td>16<\/td><\/tr><tr><td>K\u00f6rperkraft<\/td><td>13<\/td><td>20<\/td><td>13<\/td><\/tr><\/tbody><\/table><\/figure>\n","protected":false},"excerpt":{"rendered":"<p>Razul Auelfischer Kundschafter mit saphirblauen Augen. blau-schwarzen langen Haaren und einer Gr\u00f6\u00dfe von 1,93m. Erfahrungspunkte Charaktererschaffung &#8212; 540 AP &#8212; 500 AP Verhandlungen mit Nostria &#8212; 500 AP &#8212; 1040 AP Der Orkenhort &#8212; 550 AP &#8212; 1590 AP Der Weg nach Gareth &#8212; 200 AP &#8212; 1790 AP Die Schlacht auf den Silkwiesen &#8212; [&hellip;]<\/p>\n","protected":false},"author":1,"featured_media":0,"parent":50,"menu_order":0,"comment_status":"closed","ping_status":"closed","template":"","meta":{"footnotes":""},"class_list":["post-76","page","type-page","status-publish","hentry","post-preview"],"_links":{"self":[{"href":"https:\/\/talonzorch.de\/index.php?rest_route=\/wp\/v2\/pages\/76","targetHints":{"allow":["GET"]}}],"collection":[{"href":"https:\/\/talonzorch.de\/index.php?rest_route=\/wp\/v2\/pages"}],"about":[{"href":"https:\/\/talonzorch.de\/index.php?rest_route=\/wp\/v2\/types\/page"}],"author":[{"embeddable":true,"href":"https:\/\/talonzorch.de\/index.php?rest_route=\/wp\/v2\/users\/1"}],"replies":[{"embeddable":true,"href":"https:\/\/talonzorch.de\/index.php?rest_route=%2Fwp%2Fv2%2Fcomments&post=76"}],"version-history":[{"count":2,"href":"https:\/\/talonzorch.de\/index.php?rest_route=\/wp\/v2\/pages\/76\/revisions"}],"predecessor-version":[{"id":117,"href":"https:\/\/talonzorch.de\/index.php?rest_route=\/wp\/v2\/pages\/76\/revisions\/117"}],"up":[{"embeddable":true,"href":"https:\/\/talonzorch.de\/index.php?rest_route=\/wp\/v2\/pages\/50"}],"wp:attachment":[{"href":"https:\/\/talonzorch.de\/index.php?rest_route=%2Fwp%2Fv2%2Fmedia&parent=76"}],"curies":[{"name":"wp","href":"https:\/\/api.w.org\/{rel}","templated":true}]}}