{"id":82,"date":"2022-01-13T03:26:24","date_gmt":"2022-01-13T03:26:24","guid":{"rendered":"https:\/\/talonzorch.de\/?page_id=82"},"modified":"2022-01-13T03:58:25","modified_gmt":"2022-01-13T03:58:25","slug":"dsa-spielberichte","status":"publish","type":"page","link":"https:\/\/talonzorch.de\/?page_id=82","title":{"rendered":"[DSA] Spielberichte"},"content":{"rendered":"\n<p>Intermezzo in Al&#8217;Anfa #1<\/p>\n\n\n\n<p>11.07.2019<\/p>\n\n\n\n<p>Rahja 1017 BF<\/p>\n\n\n\n<p>Ihr wurdet in den prachtvollen Thronsaal des Patriarchen von Al\u2019Anfa eingelassen, wo euch als erstes die Anwesenden Personen vorgestellt wurden.<\/p>\n\n\n\n<p>Seine Hoheit Amir Honak, Patriarch von Al\u2019Anfa, Patriarch der Al\u2019Anfanischen Boronkirche und Diktator des Al\u2019Anfanischen Imperiums, Oberster Regulator der Tempelgarde<\/p>\n\n\n\n<p>Dirion Dirial von Zornbrecht-Lomarion, Spektabilit\u00e4t der Halle der Erleuchtung zu Al\u2019Anfa, Magister Magnus Clarobservantia, Dekan der Fakult\u00e4t der theoretischen und angewandten Thaumaturgie, Hermetik und magischen Alchimie aus der Bruderschaft der Wissenden. Er hatte ein verlebtes Gesicht, war um die 60 und sein Seelentier war ein Fetter Kater.<\/p>\n\n\n\n<p>Grandessa Shantalla Karinor, eine Rahjaliebreizend gekleidete Dame mit schwarzen, h\u00fcftlangen Harren, dunkelblauen Augen und einem Ausschnitt, in dem sich M\u00e4nner verlieren k\u00f6nnen.<\/p>\n\n\n\n<p>Grande Goldo Paligan, der Gro\u00dfartige, Vizek\u00f6nigliche Hoheit, Margkraf von Hot-Alem, F\u00fcrst von Thalusa, Graf von Baburin, Oberhaupt der Familie Paligan, Herzogsvater zu Pailos. &nbsp;Er trug golden schimmernde Kleidung und Goldketten. Ein dicker Bauch, Ringe an den Fingern, goldene Haare, goldener Bart und die mit Goldfarbe bemalte Utulu Sklavin die ihm gek\u00fchltes vergoldetes Konfekt reichte.<\/p>\n\n\n\n<p>Irschan Perval, Gro\u00dfexecutor des Patriarchen. Ein schlanker unscheinbarer Mann mit schwarzen Haaren, schwarzen Augen und Magierrobe. Er soll ein Absolvent aus Mirham sein.<\/p>\n\n\n\n<p>Die Oberen von Al\u2019Anfa waren wissbegierig zu h\u00f6ren, was denn wirklich im Norden geschehen war. Dabei merkte man, dass von Zornbrecht-Lomarion den Ger\u00fcchten \u2013 und auch den Helden \u2013 keinen Glauben schenkte und versuchte diese die ganze Zeit \u00fcber als Scharlatane hinzustellen.<\/p>\n\n\n\n<p>Der Patrizier selbst war ruhig und h\u00f6rte viel zu. Manches Mal stellte er Fragen, \u00fcberlie\u00df aber Goldo Paligan viel der Reden. Dieser Mann wirkt, als k\u00f6nne er die Zusammenh\u00e4nge in seinem Geist sehr gut bilden. Kritische Hinterfragungen kamen immer wieder von Irschan Perval, w\u00e4hrend die Grandessa sich damit begn\u00fcgte, aufreizend auszusehen und ein wenig zu Flirten.<\/p>\n\n\n\n<p>Schlussendlich erhielten die Helden einige Dokumente des Patriarchen Al\u2019Anfas, welche es Ihnen erm\u00f6glichten stets eine Al\u2019Anfanische Galeere zu requirieren, wenn sie schnell reisen m\u00fcssen. Gleichsam wies das Dokument Al\u2019Anfanische Beamte zu Kooperation an.<\/p>\n\n\n\n<p>Da nunmehr die offiziellen Ereignisse in Al\u2019Anfa abgeschlossen schienen, machte sich Valentina auf mystische Weise auf zur\u00fcck nach Khunchom, wo ein kleinerer Notfall auf sie zu warten schien.<\/p>\n\n\n\n<p>Die anderen Helden haben sich noch ein wenig in Al\u2019Anfa verlustiert. Sei es bei dem Lustwandeln durch die sch\u00f6nste Stadt des S\u00fcdens, bei Rauschkraut und Wein, oder als Gast auf der Galeere der Bonareths \u2013 es fand sich vieles, was es in dieser fremden Stadt anzusehen gab.<\/p>\n\n\n\n<p>Als Razul jedoch von der Galeere zur\u00fcck in die Stadt ruderte, traf er auf jemanden. Eine fast schon magers\u00fcchtig wirkende zierliche Dame, hochgewachsen und au\u00dfergew\u00f6hnlich h\u00fcbsch. Sie hat wei\u00dfblonde sehr lange Haare und einen sonnengebr\u00e4unten Teint. Ihre Augen sind violett, ihre Ohren haben eine elfische Spitze. Ihre Fingern\u00e4gel sind sorgf\u00e4ltig gefeilt und ihre Augenbrauen perfekt gezupft.<\/p>\n\n\n\n<p>Ihre Kleidung ist von neuer und guter Qualit\u00e4t. Man sieht ihr an, dass sie aus einer verm\u00f6genden Familie stammt. Sie tr\u00e4gt eine schulterfreie Bluse und eine enge Wildlederhose, die in weichen Elfenstiefeln m\u00fcndet und ein mit elfischen Schriftzeichen verziertes Wolfsmesser mit sich.<\/p>\n\n\n\n<p>Aus ihrem Gep\u00e4ck ragt ein kurzer Stab aus Mohagoni, sowie ein Elfenbogen.<\/p>\n\n\n\n<p>Die Dame, die sich als Aniesha aus Brabak vorstellte, suchte den Schutz der Widersacher Borbarads, welchen Razul ihr auch gern zusicherte. Man fand sich gemeinsam im Stillen Zimmer im Einhorn ein, dem Ort, an welchem Garth wohl die letzten Tage zugebracht hatte. Ein Kerkerartiges Gew\u00f6lbe im Keller des Einhorns, mit einigen Streckb\u00e4nken, Ketten, Peitschen und vielen anderen eher merkw\u00fcrdigen Dingen, die wohl f\u00fcr die Al Anfanische Spielart der Rahjaskunst gedacht sind.<\/p>\n\n\n\n<p>Die Geschichte, welche Aniesha erz\u00e4hlte, war Besorgnis erregend. Scheinbar war ein Lehrer aus Brabak, ein gewisser \u201eGalotta\u201c, mit einer Gruppe aus Sch\u00fclern auf die Waldinsel Altoum aufgebrochen um mystische Reagenzien zu sammeln. Die Sch\u00fcler fanden sich jedoch schnell in einem Albtraum wieder, hatte doch Galotta ein Ritual geplant, in dessen Verlauf er die Sch\u00fcler opferte um finstere Daimonen zu rufen, und das Heiligtum von Altaiia zu stehlen \u2013 eine der Hesinde geweihte Kugel. Ebenso \u2026 wurde jeder Einwohner des Dorfes abgeschlachtet. Sie war die einzige, die hatte fliehen k\u00f6nnen. Und da sie noch sehen konnte, wie ihr einstiger Meister einem auf gefl\u00fcgelten Schlangen angerittetenem Magier die Kugel \u00fcbergab, und ihn als Borbarad, seinen Meister, bezeichnete.<\/p>\n\n\n\n<p>Man versprach der Maid in N\u00f6ten sie zu beh\u00fcten und in Sicherheit zu bringen, und bestieg eine der Galeeren des Patriarchen. Sie ruderte hinaus in den Golf von Al\u2019Anfa und nahm Kurs gen Osten, Kurs gen Khunchom, Kurs \u2026 gen Altoum\u2026<\/p>\n","protected":false},"excerpt":{"rendered":"<p>Intermezzo in Al&#8217;Anfa #1 11.07.2019 Rahja 1017 BF Ihr wurdet in den prachtvollen Thronsaal des Patriarchen von Al\u2019Anfa eingelassen, wo euch als erstes die Anwesenden Personen vorgestellt wurden. Seine Hoheit Amir Honak, Patriarch von Al\u2019Anfa, Patriarch der Al\u2019Anfanischen Boronkirche und Diktator des Al\u2019Anfanischen Imperiums, Oberster Regulator der Tempelgarde Dirion Dirial von Zornbrecht-Lomarion, Spektabilit\u00e4t der Halle [&hellip;]<\/p>\n","protected":false},"author":1,"featured_media":0,"parent":48,"menu_order":0,"comment_status":"closed","ping_status":"closed","template":"","meta":{"footnotes":""},"class_list":["post-82","page","type-page","status-publish","hentry","post-preview"],"_links":{"self":[{"href":"https:\/\/talonzorch.de\/index.php?rest_route=\/wp\/v2\/pages\/82","targetHints":{"allow":["GET"]}}],"collection":[{"href":"https:\/\/talonzorch.de\/index.php?rest_route=\/wp\/v2\/pages"}],"about":[{"href":"https:\/\/talonzorch.de\/index.php?rest_route=\/wp\/v2\/types\/page"}],"author":[{"embeddable":true,"href":"https:\/\/talonzorch.de\/index.php?rest_route=\/wp\/v2\/users\/1"}],"replies":[{"embeddable":true,"href":"https:\/\/talonzorch.de\/index.php?rest_route=%2Fwp%2Fv2%2Fcomments&post=82"}],"version-history":[{"count":2,"href":"https:\/\/talonzorch.de\/index.php?rest_route=\/wp\/v2\/pages\/82\/revisions"}],"predecessor-version":[{"id":120,"href":"https:\/\/talonzorch.de\/index.php?rest_route=\/wp\/v2\/pages\/82\/revisions\/120"}],"up":[{"embeddable":true,"href":"https:\/\/talonzorch.de\/index.php?rest_route=\/wp\/v2\/pages\/48"}],"wp:attachment":[{"href":"https:\/\/talonzorch.de\/index.php?rest_route=%2Fwp%2Fv2%2Fmedia&parent=82"}],"curies":[{"name":"wp","href":"https:\/\/api.w.org\/{rel}","templated":true}]}}