{"id":88,"date":"2022-01-13T03:27:35","date_gmt":"2022-01-13T03:27:35","guid":{"rendered":"https:\/\/talonzorch.de\/?page_id=88"},"modified":"2022-01-13T04:06:38","modified_gmt":"2022-01-13T04:06:38","slug":"dsa-nichtspielercharaktere","status":"publish","type":"page","link":"https:\/\/talonzorch.de\/?page_id=88","title":{"rendered":"[DSA] NSC &#038; Orte"},"content":{"rendered":"\n<ul class=\"wp-block-list\"><li>Magister Yoltan Beerenmund zu Ysilia<\/li><li>Schulze Jarn Tannbeutel aus Eichmoor<\/li><li>Schweinehirte Schorsch Niederknuttel aus Eichmoor<\/li><li>Kr\u00e4mer Karim Bertelsend aus Eichmoor<\/li><li>Bauer Sigurd Schotterbach aus Eichmoor<\/li><li>Holzf\u00e4ller Karl Marth von Eichmoor<\/li><li>Gro\u00dfmuttter Mathilda aus Eichmoor (verstorben)<\/li><li>Baliv von Sicherlingen, junger Bruder des Freiherren von Sicherlingen<\/li><li>Freiherr von Sicherlingen, leicht verplanter Mann<\/li><li>Mutter Matrissa, Peraine Geweihte von Sicherlingen<\/li><li>Br\u00fcckentroll Bomborosch, beh\u00fctete eine Br\u00fccke zwischen Sicherlingen und Irdenhag, ist jetzt jedoch zum W\u00e4chter des Landes\u00a0avanciert.<\/li><li>Morwen, Druidische \u201eHexe\u201c, welche durch die Helden versuchte\u00a0in den Besitz einer uralten und m\u00e4chtigen Trollkeule zu gelangen. Wurde\u00a0im Namen von Praios dem Gerechten<\/li><li>Travian Buckner, Dorf\u00e4ltester von Irdenhag<\/li><li>Pheian Altmark, junger Bursche aus Irdenhag, welcher die Helden auf die Ruine gebracht hat.<\/li><li>Waibel [[Rickwardt]] aus Andergast von der 17. Fahne des 3. Banners der Andergaster Freifechter<\/li><li>Sadrak Whassoi &#8211; der Schwarze Marschall der Orks<\/li><li>Hagas, S\u00f6ldner im Diensten von Rikarda aus Beilunk<\/li><li>Rikarda aus Beilunk, reisende H\u00e4ndlerin<\/li><li>Gastwirt Ansgar aus der Silbernen Sonne nahe Andergast<\/li><li>Hochedle Irla zu Tauranx, Allumf\u00e4ngliche Herrscherin von Tauranx<\/li><li>Nahema ai Tamerlain &#8211; Schwarzmagierin, welche von den Spielern im Orkland getroffen wurde.<\/li><li>Prinz Brin &#8211; dedizierter Regent des Mittelreichs<\/li><li>Tronde Torbensson &#8211; Hetmann der Hetleute<\/li><li>Marvin Malvenmaul &#8211; ein wirklich guter Feldscher<\/li><li>Wahnfried von Ask<\/li><li>Helme Haffax &#8211; der beste Taktiker &#8211; aller Zeiten<\/li><li>Ailyne Nemrod &#8211; Ehefrau des ber\u00fcchtigten Dexter Nemrod<\/li><li>Scharnbold Tonbrenner &#8211; Leibdiener der ehwr\u00fcrdigen Irla von Thauranx<\/li><li>Baron von Ulmenhein, Graf von Wehrheim, Tr\u00e4ger des Reichsordens erster Klasse<\/li><li>Reichsgro\u00dfgeheimrat Dexter Nemrod &#8211; Gro\u00dfinquisitor des Reicehs<\/li><li>Helmbert Unterstett &#8211; Kanzler der Reichskanzlei zu Gareth<\/li><li>Lucilla &#8211; Verstorbene Sch\u00f6nheit aus Greifenfurt<\/li><li>Schwertk\u00f6nig Raidri Conchobair<\/li><li>Freiherr Isgard vom Stein,<\/li><li>Darrag, Schmied Greifenfurts<\/li><li>Zerwas, Henker Greifenfurts, Tr\u00e4ger der Klinge Seulaslintan, Erzvampyr<\/li><li>Weinh\u00e4ndler Fyrellian Lametin aus Greifenfurt<\/li><li>Sartassa Steppenwind, Halbelfe und Orklehrerin der KGIA<\/li><li>Melikae Shanherif, Novadi und Reitlehrer der KGIA<\/li><li>Magister Regolan, Magielehrer der KGIA<\/li><li>Oberst Orlando Villazo, ehemaliger Offizier der Drachengarde Taktik und Belagerungslehrer der KGIA<\/li><li>Kolon Tunneltreiber, Schreiber des &#8222;Nur einHaufen Steine&#8220; &#8211; Standardwerk der Belagerungskunst<\/li><li>Meister Tankret, ehemaliger Vinsalter Schauspieler, Schauspiellehrer der KGIA<\/li><li>Herzog Waldemar von Weiden, Auftraggeber in &#8222;Unsterbliche Gier&#8220;<\/li><li>Herzogin Yolina von Alrazin, Ehegattin von Waldemar von Weiden<\/li><li>Vogt Norholt von Maukendorf zu Brausnfurt<\/li><li>Gr\u00e4fin Walderia von Weiden, Schwester von Herzog Waldemar von Weiden<\/li><li>Walpurga von Weiden, Tochter des Herzogs Waldemar von Weiden, regiert die B\u00e4rwalde und die Heldentrutz<\/li><li>Prinz Dietrad von Ehrenstein, Gemahl von Walpurga von Weiden<\/li><li>Baron Nordfalk von Baliho<\/li><li>Boril Bagoltin, Kaleschkalenker in WEiden<\/li><li>Markverweser Ralmir von Zornbrecht-Hauberach zu Salthel<\/li><\/ul>\n\n\n\n<h2 class=\"wp-block-heading\">Orte<\/h2>\n\n\n\n<ul class=\"wp-block-list\"><li>Ysilia<\/li><li>Eichmoor<\/li><li>Tjolmar &#8211; soll ohne einen Streich an die Orks gefallen sein<\/li><li>Lowangen &#8211; wird von einem Heer der Schwarzpelze belagert<\/li><li>Festung Greifenstein soll Anfang Praios 1011 gefallen sein<\/li><li>Orckenwall &#8211; Gefallene Stadt im Orkenzug<\/li><li>Ohort &#8211; Stadt der Holberker im Orkland. Obskure Geschichten passierten da.<\/li><li>Greifenfurt &#8211; Stadt der wankelm\u00fctigen Deserteure, Heimstatt von Saljeth, Heimstatt des Vampyr Greifenfurts<\/li><li>Trallop, Heimstatt von Herzog Waldemar von Weiden, Herzogsstadt und Ort der B\u00e4renburg<\/li><li>B\u00e4rwalde<\/li><li>Heldentrutz<\/li><li>Kloster Arras de Mott, wurde von Orks zerst\u00f6rt und war der Sitz des Ordens der heiligen H\u00fcter des Finsterkamms<\/li><li>Rhodenstein, Stammsitz der Wahrer vom Rhodenstein<\/li><\/ul>\n","protected":false},"excerpt":{"rendered":"<p>Magister Yoltan Beerenmund zu Ysilia Schulze Jarn Tannbeutel aus Eichmoor Schweinehirte Schorsch Niederknuttel aus Eichmoor Kr\u00e4mer Karim Bertelsend aus Eichmoor Bauer Sigurd Schotterbach aus Eichmoor Holzf\u00e4ller Karl Marth von Eichmoor Gro\u00dfmuttter Mathilda aus Eichmoor (verstorben) Baliv von Sicherlingen, junger Bruder des Freiherren von Sicherlingen Freiherr von Sicherlingen, leicht verplanter Mann Mutter Matrissa, Peraine Geweihte von [&hellip;]<\/p>\n","protected":false},"author":1,"featured_media":0,"parent":48,"menu_order":0,"comment_status":"closed","ping_status":"closed","template":"","meta":{"footnotes":""},"class_list":["post-88","page","type-page","status-publish","hentry","post-preview"],"_links":{"self":[{"href":"https:\/\/talonzorch.de\/index.php?rest_route=\/wp\/v2\/pages\/88","targetHints":{"allow":["GET"]}}],"collection":[{"href":"https:\/\/talonzorch.de\/index.php?rest_route=\/wp\/v2\/pages"}],"about":[{"href":"https:\/\/talonzorch.de\/index.php?rest_route=\/wp\/v2\/types\/page"}],"author":[{"embeddable":true,"href":"https:\/\/talonzorch.de\/index.php?rest_route=\/wp\/v2\/users\/1"}],"replies":[{"embeddable":true,"href":"https:\/\/talonzorch.de\/index.php?rest_route=%2Fwp%2Fv2%2Fcomments&post=88"}],"version-history":[{"count":3,"href":"https:\/\/talonzorch.de\/index.php?rest_route=\/wp\/v2\/pages\/88\/revisions"}],"predecessor-version":[{"id":125,"href":"https:\/\/talonzorch.de\/index.php?rest_route=\/wp\/v2\/pages\/88\/revisions\/125"}],"up":[{"embeddable":true,"href":"https:\/\/talonzorch.de\/index.php?rest_route=\/wp\/v2\/pages\/48"}],"wp:attachment":[{"href":"https:\/\/talonzorch.de\/index.php?rest_route=%2Fwp%2Fv2%2Fmedia&parent=88"}],"curies":[{"name":"wp","href":"https:\/\/api.w.org\/{rel}","templated":true}]}}