{"id":98,"date":"2022-01-13T03:32:10","date_gmt":"2022-01-13T03:32:10","guid":{"rendered":"https:\/\/talonzorch.de\/?page_id=98"},"modified":"2022-01-18T06:35:46","modified_gmt":"2022-01-18T06:35:46","slug":"shadowrun","status":"publish","type":"page","link":"https:\/\/talonzorch.de\/?page_id=98","title":{"rendered":"Shadowrun"},"content":{"rendered":"\n<p>Die 6. Welt ist ein gef\u00e4hrlicher Ort, aber einer, welcher seit Beginn der Reihe meine Fantasie befl\u00fcgelt. Hier stelle ich Informationen zu meiner Kampagne, Rezensionen und \u00e4hnliches bereit. Informartionen zu Shadowrun Missions &#8211; dem organisierten Spiel von Catalyst, findet ihr &lt;hier&gt;.<\/p>\n\n\n\n<h2 class=\"wp-block-heading\">Shadowrun Hamburg<\/h2>\n\n\n\n<p>Ich leite f\u00fcr einige Freunde seit einiger Zeit eine Shadowrun Runde, welche Low-Level beginnt und sich in der Hamburger Unterwelt abspielt. In dieser Runde versuchen die Runner, allesamt aus unterschiedlichen Gr\u00fcnden, Fu\u00df in Hamburg zu fassen und sich als Runner zu etablieren. Einendes Element der Runner stellt am Anfang ein Schieber dar, welcher daf\u00fcr bekannt ist, neue &#8222;Talente&#8220; aufzutun, und er vermittelt ihnen Auftr\u00e4ge bei verschiedenen Gruppierungen innerhalb von Hamburg. <\/p>\n\n\n\n<p>Mittelfristig m\u00f6chte ich hier mehr Informationen zu meiner Kampagne, den NSC, \u00d6rtlichkeiten und Spielberichten zeigen. <\/p>\n\n\n\n<p>Derzeit ist der Spielbericht aus dem Januar online.<\/p>\n\n\n\n<p><a href=\"https:\/\/talonzorch.de\/?p=176\" data-type=\"post\" data-id=\"176\">Bacardi Breeze Teil 1<\/a><\/p>\n\n\n\n<p>Hier sollen Unterpunkte sein f\u00fcr:<\/p>\n\n\n\n<ul class=\"wp-block-list\"><li>Meine Kampagnen \/ Abenteuer<\/li><li>Info zur Q-Ark Kampagne und den Videos<\/li><li>Selbst erstellte Dinge f\u00fcr SR<\/li><li>Wie werde ich Missions SL?<\/li><li>Was ist Missions?<\/li><li>Meine Charaktere?<\/li><li><\/li><\/ul>\n","protected":false},"excerpt":{"rendered":"<p>Die 6. Welt ist ein gef\u00e4hrlicher Ort, aber einer, welcher seit Beginn der Reihe meine Fantasie befl\u00fcgelt. Hier stelle ich Informationen zu meiner Kampagne, Rezensionen und \u00e4hnliches bereit. Informartionen zu Shadowrun Missions &#8211; dem organisierten Spiel von Catalyst, findet ihr &lt;hier&gt;. Shadowrun Hamburg Ich leite f\u00fcr einige Freunde seit einiger Zeit eine Shadowrun Runde, welche [&hellip;]<\/p>\n","protected":false},"author":1,"featured_media":0,"parent":20,"menu_order":0,"comment_status":"closed","ping_status":"closed","template":"","meta":{"footnotes":""},"class_list":["post-98","page","type-page","status-publish","hentry","post-preview"],"_links":{"self":[{"href":"https:\/\/talonzorch.de\/index.php?rest_route=\/wp\/v2\/pages\/98","targetHints":{"allow":["GET"]}}],"collection":[{"href":"https:\/\/talonzorch.de\/index.php?rest_route=\/wp\/v2\/pages"}],"about":[{"href":"https:\/\/talonzorch.de\/index.php?rest_route=\/wp\/v2\/types\/page"}],"author":[{"embeddable":true,"href":"https:\/\/talonzorch.de\/index.php?rest_route=\/wp\/v2\/users\/1"}],"replies":[{"embeddable":true,"href":"https:\/\/talonzorch.de\/index.php?rest_route=%2Fwp%2Fv2%2Fcomments&post=98"}],"version-history":[{"count":3,"href":"https:\/\/talonzorch.de\/index.php?rest_route=\/wp\/v2\/pages\/98\/revisions"}],"predecessor-version":[{"id":190,"href":"https:\/\/talonzorch.de\/index.php?rest_route=\/wp\/v2\/pages\/98\/revisions\/190"}],"up":[{"embeddable":true,"href":"https:\/\/talonzorch.de\/index.php?rest_route=\/wp\/v2\/pages\/20"}],"wp:attachment":[{"href":"https:\/\/talonzorch.de\/index.php?rest_route=%2Fwp%2Fv2%2Fmedia&parent=98"}],"curies":[{"name":"wp","href":"https:\/\/api.w.org\/{rel}","templated":true}]}}